{"id":2603,"date":"2020-11-24T16:30:10","date_gmt":"2020-11-24T16:30:10","guid":{"rendered":"https:\/\/vde-suite.com\/colombia\/?page_id=2603"},"modified":"2021-01-13T17:37:44","modified_gmt":"2021-01-13T17:37:44","slug":"manuales","status":"publish","type":"page","link":"https:\/\/vde-suite.com\/colombia\/contpaqi\/manuales\/","title":{"rendered":"CONTPAQi\u00ae Manuales"},"content":{"rendered":"\t\t<div data-elementor-type=\"wp-page\" data-elementor-id=\"2603\" class=\"elementor elementor-2603\" data-elementor-post-type=\"page\">\n\t\t\t\t\t\t<section class=\"elementor-section elementor-top-section elementor-element elementor-element-587e6e87 elementor-section-boxed elementor-section-height-default elementor-section-height-default\" data-id=\"587e6e87\" data-element_type=\"section\">\n\t\t\t\t\t\t<div class=\"elementor-container elementor-column-gap-default\">\n\t\t\t\t\t<div class=\"elementor-column elementor-col-100 elementor-top-column elementor-element elementor-element-620d0cc2\" data-id=\"620d0cc2\" data-element_type=\"column\">\n\t\t\t<div class=\"elementor-widget-wrap elementor-element-populated\">\n\t\t\t\t\t\t<div class=\"elementor-element elementor-element-2eada4df elementor-widget elementor-widget-heading\" data-id=\"2eada4df\" data-element_type=\"widget\" data-widget_type=\"heading.default\">\n\t\t\t\t<div class=\"elementor-widget-container\">\n\t\t\t\t\t<h2 class=\"elementor-heading-title elementor-size-default\">MANUALES CONTPAQi\u00ae<\/h2>\t\t\t\t<\/div>\n\t\t\t\t<\/div>\n\t\t\t\t<div class=\"elementor-element elementor-element-38f9097c elementor-widget elementor-widget-text-editor\" data-id=\"38f9097c\" data-element_type=\"widget\" data-widget_type=\"text-editor.default\">\n\t\t\t\t<div class=\"elementor-widget-container\">\n\t\t\t\t\t\t\t\t\t<p>Solicitalos gratis, haz clic sobre el que deseas adquirir.<\/p>\t\t\t\t\t\t\t\t<\/div>\n\t\t\t\t<\/div>\n\t\t\t\t<div class=\"elementor-element elementor-element-1e0cef73 elementor-widget-divider--view-line elementor-widget elementor-widget-divider\" data-id=\"1e0cef73\" data-element_type=\"widget\" data-widget_type=\"divider.default\">\n\t\t\t\t<div class=\"elementor-widget-container\">\n\t\t\t\t\t\t\t<div class=\"elementor-divider\">\n\t\t\t<span class=\"elementor-divider-separator\">\n\t\t\t\t\t\t<\/span>\n\t\t<\/div>\n\t\t\t\t\t\t<\/div>\n\t\t\t\t<\/div>\n\t\t\t\t\t<\/div>\n\t\t<\/div>\n\t\t\t\t\t<\/div>\n\t\t<\/section>\n\t\t\t\t<section class=\"elementor-section elementor-top-section elementor-element elementor-element-609c4503 elementor-section-boxed elementor-section-height-default elementor-section-height-default\" data-id=\"609c4503\" data-element_type=\"section\">\n\t\t\t\t\t\t<div class=\"elementor-container elementor-column-gap-default\">\n\t\t\t\t\t<div class=\"elementor-column elementor-col-33 elementor-top-column elementor-element elementor-element-528b2354\" data-id=\"528b2354\" data-element_type=\"column\">\n\t\t\t<div class=\"elementor-widget-wrap elementor-element-populated\">\n\t\t\t\t\t\t<div class=\"elementor-element elementor-element-4aaf048c elementor-position-top elementor-widget elementor-widget-image-box\" data-id=\"4aaf048c\" data-element_type=\"widget\" data-widget_type=\"image-box.default\">\n\t\t\t\t<div class=\"elementor-widget-container\">\n\t\t\t\t\t<div class=\"elementor-image-box-wrapper\"><figure class=\"elementor-image-box-img\"><a href=\"https:\/\/vde-suite.com\/colombia\/contpaqi\/manuales\/contpaqi-comercial-premium\/\" tabindex=\"-1\"><img decoding=\"async\" src=\"https:\/\/vde-suite.com\/colombia\/wp-content\/uploads\/sites\/4\/2020\/11\/Manual-Contpaqi-Comercial-Premium-sinfondo.webp\" class=\"attachment-full size-full wp-image-2617\" alt=\"\" \/><\/a><\/figure><div class=\"elementor-image-box-content\"><h3 class=\"elementor-image-box-title\"><a href=\"https:\/\/vde-suite.com\/colombia\/contpaqi\/manuales\/contpaqi-comercial-premium\/\">CONTPAQi Comercial Premium<\/a><\/h3><\/div><\/div>\t\t\t\t<\/div>\n\t\t\t\t<\/div>\n\t\t\t\t\t<\/div>\n\t\t<\/div>\n\t\t\t\t<div class=\"elementor-column elementor-col-33 elementor-top-column elementor-element elementor-element-24d2ee7a\" data-id=\"24d2ee7a\" data-element_type=\"column\">\n\t\t\t<div class=\"elementor-widget-wrap elementor-element-populated\">\n\t\t\t\t\t\t<div class=\"elementor-element elementor-element-17d0e58f elementor-position-top elementor-widget elementor-widget-image-box\" data-id=\"17d0e58f\" data-element_type=\"widget\" data-widget_type=\"image-box.default\">\n\t\t\t\t<div class=\"elementor-widget-container\">\n\t\t\t\t\t<div class=\"elementor-image-box-wrapper\"><figure class=\"elementor-image-box-img\"><a href=\"https:\/\/vde-suite.com\/colombia\/contpaqi\/manuales\/contpaqi-contabilidad-procesos-especiales\/\" tabindex=\"-1\"><img decoding=\"async\" src=\"https:\/\/vde-suite.com\/colombia\/wp-content\/uploads\/sites\/4\/2020\/11\/Manual-Contpaqi-Contabilidad-Procesos-Especiales-balnco.webp\" class=\"attachment-full size-full wp-image-2618\" alt=\"\" \/><\/a><\/figure><div class=\"elementor-image-box-content\"><h3 class=\"elementor-image-box-title\"><a href=\"https:\/\/vde-suite.com\/colombia\/contpaqi\/manuales\/contpaqi-contabilidad-procesos-especiales\/\">CONTPAQi Contabilidad Procesos Especiales<\/a><\/h3><\/div><\/div>\t\t\t\t<\/div>\n\t\t\t\t<\/div>\n\t\t\t\t\t<\/div>\n\t\t<\/div>\n\t\t\t\t<div class=\"elementor-column elementor-col-33 elementor-top-column elementor-element elementor-element-7d1bd7a4\" data-id=\"7d1bd7a4\" data-element_type=\"column\">\n\t\t\t<div class=\"elementor-widget-wrap elementor-element-populated\">\n\t\t\t\t\t\t<div class=\"elementor-element elementor-element-7f4d8a17 elementor-position-top elementor-widget elementor-widget-image-box\" data-id=\"7f4d8a17\" data-element_type=\"widget\" data-widget_type=\"image-box.default\">\n\t\t\t\t<div class=\"elementor-widget-container\">\n\t\t\t\t\t<div class=\"elementor-image-box-wrapper\"><figure class=\"elementor-image-box-img\"><a href=\"https:\/\/vde-suite.com\/colombia\/contpaqi\/manuales\/contpaqi-contabilidad-elemental\/\" tabindex=\"-1\"><img decoding=\"async\" src=\"https:\/\/vde-suite.com\/colombia\/wp-content\/uploads\/sites\/4\/2020\/11\/Manual-Contpaqi-Contabilidad-Elemental-sinfondo.webp\" class=\"attachment-full size-full wp-image-2619\" alt=\"\" \/><\/a><\/figure><div class=\"elementor-image-box-content\"><h3 class=\"elementor-image-box-title\"><a href=\"https:\/\/vde-suite.com\/colombia\/contpaqi\/manuales\/contpaqi-contabilidad-elemental\/\">CONTPAQi Contabilidad Procesos Elementales<\/a><\/h3><\/div><\/div>\t\t\t\t<\/div>\n\t\t\t\t<\/div>\n\t\t\t\t\t<\/div>\n\t\t<\/div>\n\t\t\t\t\t<\/div>\n\t\t<\/section>\n\t\t\t\t<section class=\"elementor-section elementor-top-section elementor-element elementor-element-1d4fd8f6 elementor-section-boxed elementor-section-height-default elementor-section-height-default\" data-id=\"1d4fd8f6\" data-element_type=\"section\">\n\t\t\t\t\t\t<div class=\"elementor-container elementor-column-gap-default\">\n\t\t\t\t\t<div class=\"elementor-column elementor-col-33 elementor-top-column elementor-element elementor-element-1d8d09aa\" data-id=\"1d8d09aa\" data-element_type=\"column\">\n\t\t\t<div class=\"elementor-widget-wrap elementor-element-populated\">\n\t\t\t\t\t\t<div class=\"elementor-element elementor-element-2d7b7fe8 elementor-position-top elementor-widget elementor-widget-image-box\" data-id=\"2d7b7fe8\" data-element_type=\"widget\" data-widget_type=\"image-box.default\">\n\t\t\t\t<div class=\"elementor-widget-container\">\n\t\t\t\t\t<div class=\"elementor-image-box-wrapper\"><figure class=\"elementor-image-box-img\"><a href=\"https:\/\/vde-suite.com\/colombia\/contpaqi\/manuales\/contpaqi-bancos-elemental\/\" tabindex=\"-1\"><img decoding=\"async\" src=\"https:\/\/vde-suite.com\/colombia\/wp-content\/uploads\/sites\/4\/2020\/11\/Manual-Contpaqi-Bancos-Elemental-sinfonodo.webp\" class=\"attachment-full size-full wp-image-2620\" alt=\"\" \/><\/a><\/figure><div class=\"elementor-image-box-content\"><h3 class=\"elementor-image-box-title\"><a href=\"https:\/\/vde-suite.com\/colombia\/contpaqi\/manuales\/contpaqi-bancos-elemental\/\">CONTPAQi Bancos Procesos Elementales<\/a><\/h3><\/div><\/div>\t\t\t\t<\/div>\n\t\t\t\t<\/div>\n\t\t\t\t\t<\/div>\n\t\t<\/div>\n\t\t\t\t<div class=\"elementor-column elementor-col-33 elementor-top-column elementor-element elementor-element-5648d52\" data-id=\"5648d52\" data-element_type=\"column\">\n\t\t\t<div class=\"elementor-widget-wrap elementor-element-populated\">\n\t\t\t\t\t\t<div class=\"elementor-element elementor-element-34577429 elementor-position-top elementor-widget elementor-widget-image-box\" data-id=\"34577429\" data-element_type=\"widget\" data-widget_type=\"image-box.default\">\n\t\t\t\t<div class=\"elementor-widget-container\">\n\t\t\t\t\t<div class=\"elementor-image-box-wrapper\"><figure class=\"elementor-image-box-img\"><a href=\"https:\/\/vde-suite.com\/colombia\/contpaqi\/manuales\/contpaqi-bancos-procesos-especiales\/\" tabindex=\"-1\"><img decoding=\"async\" src=\"https:\/\/vde-suite.com\/colombia\/wp-content\/uploads\/sites\/4\/2020\/11\/Manual-Contpaqi-Bancos-Procesos-Especiales-sinfondo.webp\" class=\"attachment-full size-full wp-image-2621\" alt=\"\" \/><\/a><\/figure><div class=\"elementor-image-box-content\"><h3 class=\"elementor-image-box-title\"><a href=\"https:\/\/vde-suite.com\/colombia\/contpaqi\/manuales\/contpaqi-bancos-procesos-especiales\/\">CONTPAQi Bancos Procesos Especiales<\/a><\/h3><\/div><\/div>\t\t\t\t<\/div>\n\t\t\t\t<\/div>\n\t\t\t\t\t<\/div>\n\t\t<\/div>\n\t\t\t\t<div class=\"elementor-column elementor-col-33 elementor-top-column elementor-element elementor-element-424d03a1\" data-id=\"424d03a1\" data-element_type=\"column\">\n\t\t\t<div class=\"elementor-widget-wrap elementor-element-populated\">\n\t\t\t\t\t\t<div class=\"elementor-element elementor-element-110b27ee elementor-position-top elementor-widget elementor-widget-image-box\" data-id=\"110b27ee\" data-element_type=\"widget\" data-widget_type=\"image-box.default\">\n\t\t\t\t<div class=\"elementor-widget-container\">\n\t\t\t\t\t<div class=\"elementor-image-box-wrapper\"><figure class=\"elementor-image-box-img\"><a href=\"https:\/\/vde-suite.com\/colombia\/contpaqi\/manuales\/contpaqi-nominas-elemental\/\" tabindex=\"-1\"><img decoding=\"async\" src=\"https:\/\/vde-suite.com\/colombia\/wp-content\/uploads\/sites\/4\/2020\/11\/Manual-Contpaqi-Nominas-Elemental-sinfondo.webp\" class=\"attachment-full size-full wp-image-2622\" alt=\"\" \/><\/a><\/figure><div class=\"elementor-image-box-content\"><h3 class=\"elementor-image-box-title\"><a href=\"https:\/\/vde-suite.com\/colombia\/contpaqi\/manuales\/contpaqi-nominas-elemental\/\">CONTPAQi N\u00f3minas Procesos Elementales<\/a><\/h3><\/div><\/div>\t\t\t\t<\/div>\n\t\t\t\t<\/div>\n\t\t\t\t\t<\/div>\n\t\t<\/div>\n\t\t\t\t\t<\/div>\n\t\t<\/section>\n\t\t\t\t<section class=\"elementor-section elementor-top-section elementor-element elementor-element-6b3f9dad elementor-section-boxed elementor-section-height-default elementor-section-height-default\" data-id=\"6b3f9dad\" data-element_type=\"section\">\n\t\t\t\t\t\t<div class=\"elementor-container elementor-column-gap-default\">\n\t\t\t\t\t<div class=\"elementor-column elementor-col-50 elementor-top-column elementor-element elementor-element-20787770\" data-id=\"20787770\" data-element_type=\"column\">\n\t\t\t<div class=\"elementor-widget-wrap elementor-element-populated\">\n\t\t\t\t\t\t<div class=\"elementor-element elementor-element-43a68e3f elementor-position-top elementor-widget elementor-widget-image-box\" data-id=\"43a68e3f\" data-element_type=\"widget\" data-widget_type=\"image-box.default\">\n\t\t\t\t<div class=\"elementor-widget-container\">\n\t\t\t\t\t<div class=\"elementor-image-box-wrapper\"><figure class=\"elementor-image-box-img\"><a href=\"https:\/\/vde-suite.com\/colombia\/contpaqi\/manuales\/contpaqi-nominas-procesos-especiales\/\" tabindex=\"-1\"><img decoding=\"async\" src=\"https:\/\/vde-suite.com\/colombia\/wp-content\/uploads\/sites\/4\/2020\/11\/Manual-Contpaqi-Nominas-Procesos-Especiales-sinfondo.webp\" class=\"attachment-full size-full wp-image-2623\" alt=\"\" \/><\/a><\/figure><div class=\"elementor-image-box-content\"><h3 class=\"elementor-image-box-title\"><a href=\"https:\/\/vde-suite.com\/colombia\/contpaqi\/manuales\/contpaqi-nominas-procesos-especiales\/\">CONTPAQi N\u00f3minas Procesos Especiales<\/a><\/h3><\/div><\/div>\t\t\t\t<\/div>\n\t\t\t\t<\/div>\n\t\t\t\t\t<\/div>\n\t\t<\/div>\n\t\t\t\t<div class=\"elementor-column elementor-col-50 elementor-top-column elementor-element elementor-element-69dc090c\" data-id=\"69dc090c\" data-element_type=\"column\">\n\t\t\t<div class=\"elementor-widget-wrap elementor-element-populated\">\n\t\t\t\t\t\t<div class=\"elementor-element elementor-element-1bb2f2e8 elementor-position-top elementor-widget elementor-widget-image-box\" data-id=\"1bb2f2e8\" data-element_type=\"widget\" data-widget_type=\"image-box.default\">\n\t\t\t\t<div class=\"elementor-widget-container\">\n\t\t\t\t\t<div class=\"elementor-image-box-wrapper\"><figure class=\"elementor-image-box-img\"><a href=\"https:\/\/vde-suite.com\/colombia\/contpaqi\/manuales\/contpaqi-factura-electronica\/\" tabindex=\"-1\"><img decoding=\"async\" src=\"https:\/\/vde-suite.com\/colombia\/wp-content\/uploads\/sites\/4\/2020\/11\/Manual-Contpaqi-Factura-Electronica-sinfondo.webp\" class=\"attachment-full size-full wp-image-2624\" alt=\"\" \/><\/a><\/figure><div class=\"elementor-image-box-content\"><h3 class=\"elementor-image-box-title\"><a href=\"https:\/\/vde-suite.com\/colombia\/contpaqi\/manuales\/contpaqi-factura-electronica\/\">CONTPAQi Factura Electr\u00f3nica<\/a><\/h3><\/div><\/div>\t\t\t\t<\/div>\n\t\t\t\t<\/div>\n\t\t\t\t\t<\/div>\n\t\t<\/div>\n\t\t\t\t\t<\/div>\n\t\t<\/section>\n\t\t\t\t<\/div>\n\t\t","protected":false},"excerpt":{"rendered":"<p>MANUALES CONTPAQi\u00ae Solicitalos gratis, haz clic sobre el que deseas adquirir. CONTPAQi Comercial Premium CONTPAQi Contabilidad Procesos Especiales CONTPAQi Contabilidad Procesos Elementales CONTPAQi Bancos Procesos Elementales CONTPAQi Bancos Procesos Especiales CONTPAQi N\u00f3minas Procesos Elementales CONTPAQi N\u00f3minas Procesos Especiales CONTPAQi Factura Electr\u00f3nica<\/p>\n","protected":false},"author":1,"featured_media":0,"parent":2423,"menu_order":0,"comment_status":"closed","ping_status":"closed","template":"elementor_header_footer","meta":{"footnotes":"","_links_to":"","_links_to_target":""},"class_list":["post-2603","page","type-page","status-publish","hentry"],"_links":{"self":[{"href":"https:\/\/vde-suite.com\/colombia\/wp-json\/wp\/v2\/pages\/2603","targetHints":{"allow":["GET"]}}],"collection":[{"href":"https:\/\/vde-suite.com\/colombia\/wp-json\/wp\/v2\/pages"}],"about":[{"href":"https:\/\/vde-suite.com\/colombia\/wp-json\/wp\/v2\/types\/page"}],"author":[{"embeddable":true,"href":"https:\/\/vde-suite.com\/colombia\/wp-json\/wp\/v2\/users\/1"}],"replies":[{"embeddable":true,"href":"https:\/\/vde-suite.com\/colombia\/wp-json\/wp\/v2\/comments?post=2603"}],"version-history":[{"count":1,"href":"https:\/\/vde-suite.com\/colombia\/wp-json\/wp\/v2\/pages\/2603\/revisions"}],"predecessor-version":[{"id":4560,"href":"https:\/\/vde-suite.com\/colombia\/wp-json\/wp\/v2\/pages\/2603\/revisions\/4560"}],"up":[{"embeddable":true,"href":"https:\/\/vde-suite.com\/colombia\/wp-json\/wp\/v2\/pages\/2423"}],"wp:attachment":[{"href":"https:\/\/vde-suite.com\/colombia\/wp-json\/wp\/v2\/media?parent=2603"}],"curies":[{"name":"wp","href":"https:\/\/api.w.org\/{rel}","templated":true}]}}