{"id":2791,"date":"2020-11-24T17:41:38","date_gmt":"2020-11-24T17:41:38","guid":{"rendered":"https:\/\/vde-suite.com\/colombia\/?page_id=2791"},"modified":"2026-01-13T22:13:14","modified_gmt":"2026-01-13T22:13:14","slug":"ley-de-proteccion-de-datos","status":"publish","type":"page","link":"https:\/\/vde-suite.com\/colombia\/ley-de-proteccion-de-datos\/","title":{"rendered":"Pol\u00edtica de privacidad"},"content":{"rendered":"\t\t<div data-elementor-type=\"wp-page\" data-elementor-id=\"2791\" class=\"elementor elementor-2791\" data-elementor-post-type=\"page\">\n\t\t\t\t\t\t<section class=\"elementor-section elementor-top-section elementor-element elementor-element-4332a5c0 elementor-section-stretched elementor-section-content-middle elementor-section-boxed elementor-section-height-default elementor-section-height-default\" data-id=\"4332a5c0\" data-element_type=\"section\" data-settings=\"{&quot;stretch_section&quot;:&quot;section-stretched&quot;,&quot;background_background&quot;:&quot;gradient&quot;}\">\n\t\t\t\t\t\t<div class=\"elementor-container elementor-column-gap-default\">\n\t\t\t\t\t<div class=\"elementor-column elementor-col-100 elementor-top-column elementor-element elementor-element-484f62d\" data-id=\"484f62d\" data-element_type=\"column\">\n\t\t\t<div class=\"elementor-widget-wrap elementor-element-populated\">\n\t\t\t\t\t\t<div class=\"elementor-element elementor-element-1d8cbfbf elementor-widget elementor-widget-image\" data-id=\"1d8cbfbf\" data-element_type=\"widget\" data-widget_type=\"image.default\">\n\t\t\t\t<div class=\"elementor-widget-container\">\n\t\t\t\t\t\t\t\t\t\t\t\t\t\t\t<img decoding=\"async\" width=\"150\" height=\"150\" src=\"https:\/\/vde-suite.com\/colombia\/wp-content\/uploads\/sites\/4\/2022\/05\/cropped-LOGO-COLOR-SECUNDARIO-1-150x150.png\" class=\"attachment-thumbnail size-thumbnail wp-image-5329\" alt=\"\" srcset=\"https:\/\/vde-suite.com\/colombia\/wp-content\/uploads\/sites\/4\/2022\/05\/cropped-LOGO-COLOR-SECUNDARIO-1-150x150.png 150w, https:\/\/vde-suite.com\/colombia\/wp-content\/uploads\/sites\/4\/2022\/05\/cropped-LOGO-COLOR-SECUNDARIO-1-300x300.png 300w, https:\/\/vde-suite.com\/colombia\/wp-content\/uploads\/sites\/4\/2022\/05\/cropped-LOGO-COLOR-SECUNDARIO-1-270x270.png 270w, https:\/\/vde-suite.com\/colombia\/wp-content\/uploads\/sites\/4\/2022\/05\/cropped-LOGO-COLOR-SECUNDARIO-1-192x192.png 192w, https:\/\/vde-suite.com\/colombia\/wp-content\/uploads\/sites\/4\/2022\/05\/cropped-LOGO-COLOR-SECUNDARIO-1-180x180.png 180w, https:\/\/vde-suite.com\/colombia\/wp-content\/uploads\/sites\/4\/2022\/05\/cropped-LOGO-COLOR-SECUNDARIO-1-32x32.png 32w, https:\/\/vde-suite.com\/colombia\/wp-content\/uploads\/sites\/4\/2022\/05\/cropped-LOGO-COLOR-SECUNDARIO-1.png 512w\" sizes=\"(max-width: 150px) 100vw, 150px\" \/>\t\t\t\t\t\t\t\t\t\t\t\t\t\t\t<\/div>\n\t\t\t\t<\/div>\n\t\t\t\t<section class=\"elementor-section elementor-inner-section elementor-element elementor-element-3b1ea8a elementor-section-boxed elementor-section-height-default elementor-section-height-default\" data-id=\"3b1ea8a\" data-element_type=\"section\">\n\t\t\t\t\t\t<div class=\"elementor-container elementor-column-gap-default\">\n\t\t\t\t\t<div class=\"elementor-column elementor-col-100 elementor-inner-column elementor-element elementor-element-2e1118d8\" data-id=\"2e1118d8\" data-element_type=\"column\">\n\t\t\t<div class=\"elementor-widget-wrap elementor-element-populated\">\n\t\t\t\t\t\t<div class=\"elementor-element elementor-element-33da98e4 elementor-widget elementor-widget-heading\" data-id=\"33da98e4\" data-element_type=\"widget\" data-widget_type=\"heading.default\">\n\t\t\t\t<div class=\"elementor-widget-container\">\n\t\t\t\t\t<h2 class=\"elementor-heading-title elementor-size-default\">LEY DE PROTECCI\u00d3N DE DATOS<\/h2>\t\t\t\t<\/div>\n\t\t\t\t<\/div>\n\t\t\t\t<div class=\"elementor-element elementor-element-383111f1 elementor-widget elementor-widget-heading\" data-id=\"383111f1\" data-element_type=\"widget\" data-widget_type=\"heading.default\">\n\t\t\t\t<div class=\"elementor-widget-container\">\n\t\t\t\t\t<h2 class=\"elementor-heading-title elementor-size-default\">AVISO DE PRIVACIDAD PARA LA PROTECCI\u00d3N DE DATOS PERSONALES\n<\/h2>\t\t\t\t<\/div>\n\t\t\t\t<\/div>\n\t\t\t\t<div class=\"elementor-element elementor-element-1155ea2c elementor-widget elementor-widget-spacer\" data-id=\"1155ea2c\" data-element_type=\"widget\" data-widget_type=\"spacer.default\">\n\t\t\t\t<div class=\"elementor-widget-container\">\n\t\t\t\t\t\t\t<div class=\"elementor-spacer\">\n\t\t\t<div class=\"elementor-spacer-inner\"><\/div>\n\t\t<\/div>\n\t\t\t\t\t\t<\/div>\n\t\t\t\t<\/div>\n\t\t\t\t<div class=\"elementor-element elementor-element-13902aa9 elementor-widget elementor-widget-text-editor\" data-id=\"13902aa9\" data-element_type=\"widget\" data-widget_type=\"text-editor.default\">\n\t\t\t\t<div class=\"elementor-widget-container\">\n\t\t\t\t\t\t\t\t\t<div class=\"pp-wrap\" aria-label=\"Pol\u00edtica de tratamiento de datos personales\">\n  <p class=\"pp-intro\">\n    <strong>VDE SUITE COLOMBIA SAS<\/strong>, identificada con NIT 901.382.293, con domicilio en Cr. 58 A 65-23, Itag\u00fc\u00ed,\n    Antioquia, Colombia (en adelante, <strong>\u201cEL RESPONSABLE\u201d<\/strong>), en cumplimiento de la Ley 1581 de 2012 y el\n    Decreto 1377 de 2013, pone en conocimiento la siguiente <strong>Pol\u00edtica de Tratamiento de Datos Personales<\/strong>.\n  <\/p>\n\n  <ol class=\"pp-ol\">\n    <li class=\"pp-item\">\n      <h3 class=\"pp-title\">Responsable del tratamiento<\/h3>\n      <ul class=\"pp-list\">\n        <li><strong>Nombre:<\/strong> VDE SUITE COLOMBIA SAS<\/li>\n        <li><strong>NIT:<\/strong> 901.382.293<\/li>\n        <li><strong>Correo electr\u00f3nico para ejercicio de derechos:<\/strong> <a href=\"mailto:hola-co@vde-suite.com\">hola-co@vde-suite.com<\/a><\/li>\n        <li><strong>Tel\u00e9fono:<\/strong> <a href=\"tel:+573124081795\">312 4081795<\/a><\/li>\n        <li><strong>P\u00e1gina web:<\/strong> <a href=\"https:\/\/vde-suite.com\" target=\"_blank\" rel=\"noopener noreferrer\">https:\/\/vde-suite.com<\/a><\/li>\n      <\/ul>\n    <\/li>\n\n    <li class=\"pp-item\">\n      <h3 class=\"pp-title\">Finalidades del tratamiento<\/h3>\n      <p class=\"pp-text\">Sus datos personales ser\u00e1n tratados para las siguientes finalidades espec\u00edficas y leg\u00edtimas:<\/p>\n      <ul class=\"pp-list\">\n        <li>Gestionar la comunicaci\u00f3n comercial y brindar informaci\u00f3n sobre nuestros productos y servicios.<\/li>\n        <li>Ejecutar, mantener y dar cumplimiento a la relaci\u00f3n contractual (prestaci\u00f3n de servicios, facturaci\u00f3n, soporte).<\/li>\n        <li>Realizar actividades de mercadeo, promoci\u00f3n y publicidad de nuestros servicios.<\/li>\n        <li>Gestionar los procesos de selecci\u00f3n de personal y la relaci\u00f3n laboral con nuestros empleados.<\/li>\n        <li>Cumplir con obligaciones legales y regulatorias.<\/li>\n        <li>Gestionar alianzas comerciales con proveedores y socios.<\/li>\n      <\/ul>\n    <\/li>\n\n    <li class=\"pp-item\">\n      <h3 class=\"pp-title\">Derechos de los titulares<\/h3>\n      <p class=\"pp-text\">Como titular de sus datos personales, usted tiene derecho a:<\/p>\n      <ul class=\"pp-list\">\n        <li>Conocer, acceder, actualizar y rectificar sus datos.<\/li>\n        <li>Solicitar prueba de la autorizaci\u00f3n otorgada.<\/li>\n        <li>Ser informado sobre el uso que le damos a sus datos.<\/li>\n        <li>Presentar quejas ante la Superintendencia de Industria y Comercio (SIC).<\/li>\n        <li>Revocar la autorizaci\u00f3n y\/o solicitar la supresi\u00f3n de sus datos, cuando aplique.<\/li>\n        <li>Acceder en forma gratuita a sus datos personales que hayan sido objeto de tratamiento.<\/li>\n      <\/ul>\n    <\/li>\n\n    <li class=\"pp-item\">\n      <h3 class=\"pp-title\">Procedimiento para ejercer sus derechos (Consultas, Reclamos, Revocaci\u00f3n)<\/h3>\n      <p class=\"pp-text\">\n        Para ejercer sus derechos, env\u00ede una comunicaci\u00f3n al correo\n        <a href=\"mailto:hola-co@vde-suite.com\">hola-co@vde-suite.com<\/a>, indicando:\n      <\/p>\n      <ul class=\"pp-list\">\n        <li>Nombre completo, n\u00famero de identificaci\u00f3n y datos de contacto.<\/li>\n        <li>Descripci\u00f3n clara de la solicitud.<\/li>\n        <li>Documentos que acrediten su identidad y, en su caso, su representaci\u00f3n legal.<\/li>\n      <\/ul>\n\n      <div class=\"pp-callout\">\n        <p class=\"pp-callout-title\"><strong>Plazos de respuesta<\/strong><\/p>\n        <ul class=\"pp-list\">\n          <li><strong>Consultas:<\/strong> m\u00e1ximo <strong>10 d\u00edas h\u00e1biles<\/strong>.<\/li>\n          <li>\n            <strong>Reclamos<\/strong> (rectificaci\u00f3n, actualizaci\u00f3n, supresi\u00f3n): m\u00e1ximo <strong>15 d\u00edas h\u00e1biles<\/strong>.\n            Si no es posible responder en ese plazo, le informaremos los motivos antes de su vencimiento y se\u00f1alaremos\n            una nueva fecha, que no superar\u00e1 los <strong>8 d\u00edas h\u00e1biles<\/strong> siguientes.\n          <\/li>\n        <\/ul>\n      <\/div>\n    <\/li>\n\n    <li class=\"pp-item\">\n      <h3 class=\"pp-title\">Transferencias y transmisiones de datos<\/h3>\n      <p class=\"pp-text\">Sus datos personales podr\u00e1n ser compartidos con:<\/p>\n      <ul class=\"pp-list\">\n        <li>Proveedores de servicios (hosting, soporte t\u00e9cnico o nube), bajo contrato que garantice la confidencialidad.<\/li>\n        <li>Autoridades administrativas o judiciales que lo requieran en ejercicio de sus funciones legales.<\/li>\n        <li>Terceros con los que exista una relaci\u00f3n contractual que justifique la transmisi\u00f3n.<\/li>\n      <\/ul>\n      <p class=\"pp-text\">Nos comprometemos a que dichas transferencias cumplan con la ley y a informarle si existen cambios sustanciales en este sentido.<\/p>\n    <\/li>\n\n    <li class=\"pp-item\">\n      <h3 class=\"pp-title\">Medidas de seguridad<\/h3>\n      <p class=\"pp-text\">\n        Hemos implementado medidas t\u00e9cnicas, humanas y administrativas para proteger sus datos contra p\u00e9rdida,\n        adulteraci\u00f3n, acceso no autorizado o uso fraudulento. Estas incluyen, pero no se limitan a: controles de acceso\n        f\u00edsico y l\u00f3gico, protocolos de cifrado y pol\u00edticas internas de confidencialidad para nuestro personal.\n      <\/p>\n    <\/li>\n\n    <li class=\"pp-item\">\n      <h3 class=\"pp-title\">Tratamiento de datos de ni\u00f1os, ni\u00f1as y adolescentes<\/h3>\n      <p class=\"pp-text\">\n        Nuestros servicios y p\u00e1gina web <strong>no est\u00e1n dirigidos a menores de edad<\/strong>, por lo que no recolectamos datos\n        de ellos de manera consciente. Si usted es padre\/madre y detecta que su hijo nos ha proporcionado datos, cont\u00e1ctenos\n        para su supresi\u00f3n.\n      <\/p>\n    <\/li>\n\n    <li class=\"pp-item\">\n      <h3 class=\"pp-title\">Vigencia y conservaci\u00f3n de los datos<\/h3>\n      <p class=\"pp-text\">\n        Conservaremos sus datos personales solo durante el tiempo necesario para cumplir las finalidades descritas,\n        mientras exista una relaci\u00f3n contractual o legal que lo justifique, o durante el tiempo requerido por disposiciones legales aplicables.\n      <\/p>\n    <\/li>\n\n    <li class=\"pp-item\">\n      <h3 class=\"pp-title\">Modificaciones a la pol\u00edtica<\/h3>\n      <p class=\"pp-text\">\n        Nos reservamos el derecho de modificar esta pol\u00edtica. Cualquier cambio ser\u00e1 notificado a trav\u00e9s de nuestro sitio web\n        <a href=\"https:\/\/vde-suite.com\" target=\"_blank\" rel=\"noopener noreferrer\"><strong>https:\/\/vde-suite.com<\/strong><\/a>\n        y contendr\u00e1 la nueva fecha de vigencia.\n      <\/p>\n    <\/li>\n  <\/ol>\n\n  <p class=\"pp-updated\"><strong>\u00daltima actualizaci\u00f3n:<\/strong> 15 de diciembre de 2025.<\/p>\n<\/div>\n\t\t\t\t\t\t\t\t<\/div>\n\t\t\t\t<\/div>\n\t\t\t\t\t<\/div>\n\t\t<\/div>\n\t\t\t\t\t<\/div>\n\t\t<\/section>\n\t\t\t\t\t<\/div>\n\t\t<\/div>\n\t\t\t\t\t<\/div>\n\t\t<\/section>\n\t\t\t\t<\/div>\n\t\t","protected":false},"excerpt":{"rendered":"<p>LEY DE PROTECCI\u00d3N DE DATOS AVISO DE PRIVACIDAD PARA LA PROTECCI\u00d3N DE DATOS PERSONALES VDE SUITE COLOMBIA SAS, identificada con NIT 901.382.293, con domicilio en Cr. 58 A 65-23, Itag\u00fc\u00ed, Antioquia, Colombia (en adelante, \u201cEL RESPONSABLE\u201d), en cumplimiento de la Ley 1581 de 2012 y el Decreto 1377 de 2013, pone en conocimiento la siguiente [&hellip;]<\/p>\n","protected":false},"author":1,"featured_media":0,"parent":0,"menu_order":0,"comment_status":"closed","ping_status":"closed","template":"elementor_header_footer","meta":{"footnotes":"","_links_to":"","_links_to_target":""},"class_list":["post-2791","page","type-page","status-publish","hentry"],"_links":{"self":[{"href":"https:\/\/vde-suite.com\/colombia\/wp-json\/wp\/v2\/pages\/2791","targetHints":{"allow":["GET"]}}],"collection":[{"href":"https:\/\/vde-suite.com\/colombia\/wp-json\/wp\/v2\/pages"}],"about":[{"href":"https:\/\/vde-suite.com\/colombia\/wp-json\/wp\/v2\/types\/page"}],"author":[{"embeddable":true,"href":"https:\/\/vde-suite.com\/colombia\/wp-json\/wp\/v2\/users\/1"}],"replies":[{"embeddable":true,"href":"https:\/\/vde-suite.com\/colombia\/wp-json\/wp\/v2\/comments?post=2791"}],"version-history":[{"count":9,"href":"https:\/\/vde-suite.com\/colombia\/wp-json\/wp\/v2\/pages\/2791\/revisions"}],"predecessor-version":[{"id":9848,"href":"https:\/\/vde-suite.com\/colombia\/wp-json\/wp\/v2\/pages\/2791\/revisions\/9848"}],"wp:attachment":[{"href":"https:\/\/vde-suite.com\/colombia\/wp-json\/wp\/v2\/media?parent=2791"}],"curies":[{"name":"wp","href":"https:\/\/api.w.org\/{rel}","templated":true}]}}