{"id":5040,"date":"2022-04-13T15:01:45","date_gmt":"2022-04-13T15:01:45","guid":{"rendered":"https:\/\/vde-suite.com\/colombia\/?page_id=5040"},"modified":"2022-05-19T22:09:23","modified_gmt":"2022-05-19T22:09:23","slug":"contpaqi-respaldos","status":"publish","type":"page","link":"https:\/\/vde-suite.com\/colombia\/contpaqi\/contpaqi-respaldos\/","title":{"rendered":"CONTPAQi\u00ae Respaldos"},"content":{"rendered":"\t\t<div data-elementor-type=\"wp-page\" data-elementor-id=\"5040\" class=\"elementor elementor-5040\" data-elementor-post-type=\"page\">\n\t\t\t\t\t\t<section class=\"elementor-section elementor-top-section elementor-element elementor-element-16d89765 elementor-section-stretched elementor-section-full_width elementor-section-height-default elementor-section-height-default\" data-id=\"16d89765\" data-element_type=\"section\" data-settings=\"{&quot;background_background&quot;:&quot;classic&quot;,&quot;stretch_section&quot;:&quot;section-stretched&quot;}\">\n\t\t\t\t\t\t<div class=\"elementor-container elementor-column-gap-default\">\n\t\t\t\t\t<div class=\"elementor-column elementor-col-100 elementor-top-column elementor-element elementor-element-339f0bf\" data-id=\"339f0bf\" data-element_type=\"column\">\n\t\t\t<div class=\"elementor-widget-wrap elementor-element-populated\">\n\t\t\t\t\t\t<section class=\"elementor-section elementor-inner-section elementor-element elementor-element-2d52c129 elementor-section-full_width elementor-section-height-default elementor-section-height-default\" data-id=\"2d52c129\" data-element_type=\"section\">\n\t\t\t\t\t\t<div class=\"elementor-container elementor-column-gap-default\">\n\t\t\t\t\t<div class=\"elementor-column elementor-col-50 elementor-inner-column elementor-element elementor-element-602e7373\" data-id=\"602e7373\" data-element_type=\"column\">\n\t\t\t<div class=\"elementor-widget-wrap elementor-element-populated\">\n\t\t\t\t\t\t<div class=\"elementor-element elementor-element-47dc94ef elementor-widget elementor-widget-image\" data-id=\"47dc94ef\" data-element_type=\"widget\" data-widget_type=\"image.default\">\n\t\t\t\t<div class=\"elementor-widget-container\">\n\t\t\t\t\t\t\t\t\t\t\t\t\t\t\t<img fetchpriority=\"high\" decoding=\"async\" width=\"740\" height=\"401\" src=\"https:\/\/vde-suite.com\/colombia\/wp-content\/uploads\/sites\/4\/2022\/04\/Logo-CONTPAQi-Respaldos-blanco-1-e1649862884339.png\" class=\"attachment-full size-full wp-image-5042\" alt=\"\" srcset=\"https:\/\/vde-suite.com\/colombia\/wp-content\/uploads\/sites\/4\/2022\/04\/Logo-CONTPAQi-Respaldos-blanco-1-e1649862884339.png 740w, https:\/\/vde-suite.com\/colombia\/wp-content\/uploads\/sites\/4\/2022\/04\/Logo-CONTPAQi-Respaldos-blanco-1-e1649862884339-300x163.png 300w\" sizes=\"(max-width: 740px) 100vw, 740px\" \/>\t\t\t\t\t\t\t\t\t\t\t\t\t\t\t<\/div>\n\t\t\t\t<\/div>\n\t\t\t\t<div class=\"elementor-element elementor-element-5e6fef15 elementor-widget elementor-widget-heading\" data-id=\"5e6fef15\" data-element_type=\"widget\" data-widget_type=\"heading.default\">\n\t\t\t\t<div class=\"elementor-widget-container\">\n\t\t\t\t\t<h2 class=\"elementor-heading-title elementor-size-default\">Desde $1,490.00 Anual<\/h2>\t\t\t\t<\/div>\n\t\t\t\t<\/div>\n\t\t\t\t<div class=\"elementor-element elementor-element-3ba4782 elementor-widget elementor-widget-heading\" data-id=\"3ba4782\" data-element_type=\"widget\" data-widget_type=\"heading.default\">\n\t\t\t\t<div class=\"elementor-widget-container\">\n\t\t\t\t\t<h2 class=\"elementor-heading-title elementor-size-default\">CONTPAQi\u00ae RESPALDOS<\/h2>\t\t\t\t<\/div>\n\t\t\t\t<\/div>\n\t\t\t\t<div class=\"elementor-element elementor-element-3e1fac05 elementor-widget-divider--view-line elementor-widget elementor-widget-divider\" data-id=\"3e1fac05\" data-element_type=\"widget\" data-widget_type=\"divider.default\">\n\t\t\t\t<div class=\"elementor-widget-container\">\n\t\t\t\t\t\t\t<div class=\"elementor-divider\">\n\t\t\t<span class=\"elementor-divider-separator\">\n\t\t\t\t\t\t<\/span>\n\t\t<\/div>\n\t\t\t\t\t\t<\/div>\n\t\t\t\t<\/div>\n\t\t\t\t<div class=\"elementor-element elementor-element-752c9efb elementor-widget elementor-widget-text-editor\" data-id=\"752c9efb\" data-element_type=\"widget\" data-widget_type=\"text-editor.default\">\n\t\t\t\t<div class=\"elementor-widget-container\">\n\t\t\t\t\t\t\t\t\t<p>Es una aplicaci\u00f3n con almacenamiento en la nube, que te ayuda a guardar y administrar los respaldos de informaci\u00f3n de tus sistemas CONTPAQi\u00ae, con altos est\u00e1ndares de seguridad, por lo que tienes total certeza de tener a la mano la informaci\u00f3n de tu negocio en cualquier momento.<\/p>\t\t\t\t\t\t\t\t<\/div>\n\t\t\t\t<\/div>\n\t\t\t\t\t<\/div>\n\t\t<\/div>\n\t\t\t\t<div class=\"elementor-column elementor-col-50 elementor-inner-column elementor-element elementor-element-1c7493cc\" data-id=\"1c7493cc\" data-element_type=\"column\" data-settings=\"{&quot;background_background&quot;:&quot;classic&quot;}\">\n\t\t\t<div class=\"elementor-widget-wrap elementor-element-populated\">\n\t\t\t\t\t\t<div class=\"elementor-element elementor-element-ca5b96 elementor-widget elementor-widget-heading\" data-id=\"ca5b96\" data-element_type=\"widget\" data-widget_type=\"heading.default\">\n\t\t\t\t<div class=\"elementor-widget-container\">\n\t\t\t\t\t<h2 class=\"elementor-heading-title elementor-size-default\">DEMO 100% GRATIS<\/h2>\t\t\t\t<\/div>\n\t\t\t\t<\/div>\n\t\t\t\t<div class=\"elementor-element elementor-element-2b8cd599 elementor-button-align-center elementor-widget elementor-widget-form\" data-id=\"2b8cd599\" data-element_type=\"widget\" data-settings=\"{&quot;step_next_label&quot;:&quot;Next&quot;,&quot;step_previous_label&quot;:&quot;Previous&quot;,&quot;step_type&quot;:&quot;number_text&quot;,&quot;step_icon_shape&quot;:&quot;circle&quot;}\" data-widget_type=\"form.default\">\n\t\t\t\t<div class=\"elementor-widget-container\">\n\t\t\t\t\t\t\t<form class=\"elementor-form\" method=\"post\" name=\"New Form\">\n\t\t\t<input type=\"hidden\" name=\"post_id\" value=\"5040\"\/>\n\t\t\t<input type=\"hidden\" name=\"form_id\" value=\"2b8cd599\"\/>\n\t\t\t<input type=\"hidden\" name=\"referer_title\" value=\"\" \/>\n\n\t\t\t\n\t\t\t<div class=\"elementor-form-fields-wrapper elementor-labels-\">\n\t\t\t\t\t\t\t\t<div class=\"elementor-field-type-text elementor-field-group elementor-column elementor-field-group-name elementor-col-50 elementor-field-required\">\n\t\t\t\t\t\t\t\t\t\t\t\t<label for=\"form-field-name\" class=\"elementor-field-label elementor-screen-only\">\n\t\t\t\t\t\t\t\tNombre\t\t\t\t\t\t\t<\/label>\n\t\t\t\t\t\t\t\t\t\t\t\t\t\t<input size=\"1\" type=\"text\" name=\"form_fields[name]\" id=\"form-field-name\" class=\"elementor-field elementor-size-sm  elementor-field-textual\" placeholder=\"Nombre\" required=\"required\" aria-required=\"true\">\n\t\t\t\t\t\t\t\t\t\t\t<\/div>\n\t\t\t\t\t\t\t\t<div class=\"elementor-field-type-email elementor-field-group elementor-column elementor-field-group-email elementor-col-50 elementor-field-required\">\n\t\t\t\t\t\t\t\t\t\t\t\t<label for=\"form-field-email\" class=\"elementor-field-label elementor-screen-only\">\n\t\t\t\t\t\t\t\tEmail\t\t\t\t\t\t\t<\/label>\n\t\t\t\t\t\t\t\t\t\t\t\t\t\t<input size=\"1\" type=\"email\" name=\"form_fields[email]\" id=\"form-field-email\" class=\"elementor-field elementor-size-sm  elementor-field-textual\" placeholder=\"Email\" required=\"required\" aria-required=\"true\">\n\t\t\t\t\t\t\t\t\t\t\t<\/div>\n\t\t\t\t\t\t\t\t<div class=\"elementor-field-type-tel elementor-field-group elementor-column elementor-field-group-message elementor-col-50 elementor-field-required\">\n\t\t\t\t\t\t\t\t\t\t\t\t<label for=\"form-field-message\" class=\"elementor-field-label elementor-screen-only\">\n\t\t\t\t\t\t\t\tTel\u00e9fono\t\t\t\t\t\t\t<\/label>\n\t\t\t\t\t\t\t\t<input size=\"1\" type=\"tel\" name=\"form_fields[message]\" id=\"form-field-message\" class=\"elementor-field elementor-size-sm  elementor-field-textual\" placeholder=\"Tel\u00e9fono\" required=\"required\" aria-required=\"true\" pattern=\"[0-9()#&amp;+*-=.]+\" title=\"Only numbers and phone characters (#, -, *, etc) are accepted.\">\n\n\t\t\t\t\t\t<\/div>\n\t\t\t\t\t\t\t\t<div class=\"elementor-field-type-text elementor-field-group elementor-column elementor-field-group-field_5914c9a elementor-col-50 elementor-field-required\">\n\t\t\t\t\t\t\t\t\t\t\t\t<label for=\"form-field-field_5914c9a\" class=\"elementor-field-label elementor-screen-only\">\n\t\t\t\t\t\t\t\tEmpresa\t\t\t\t\t\t\t<\/label>\n\t\t\t\t\t\t\t\t\t\t\t\t\t\t<input size=\"1\" type=\"text\" name=\"form_fields[field_5914c9a]\" id=\"form-field-field_5914c9a\" class=\"elementor-field elementor-size-sm  elementor-field-textual\" placeholder=\"Empresa\" required=\"required\" aria-required=\"true\">\n\t\t\t\t\t\t\t\t\t\t\t<\/div>\n\t\t\t\t\t\t\t\t<div class=\"elementor-field-type-text elementor-field-group elementor-column elementor-field-group-field_3c1ed75 elementor-col-50\">\n\t\t\t\t\t\t\t\t\t\t\t\t<label for=\"form-field-field_3c1ed75\" class=\"elementor-field-label elementor-screen-only\">\n\t\t\t\t\t\t\t\tWebSite\t\t\t\t\t\t\t<\/label>\n\t\t\t\t\t\t\t\t\t\t\t\t\t\t<input size=\"1\" type=\"text\" name=\"form_fields[field_3c1ed75]\" id=\"form-field-field_3c1ed75\" class=\"elementor-field elementor-size-sm  elementor-field-textual\" placeholder=\"WebSite\">\n\t\t\t\t\t\t\t\t\t\t\t<\/div>\n\t\t\t\t\t\t\t\t<div class=\"elementor-field-type-text elementor-field-group elementor-column elementor-field-group-field_ec8efa2 elementor-col-50\">\n\t\t\t\t\t\t\t\t\t\t\t\t<label for=\"form-field-field_ec8efa2\" class=\"elementor-field-label elementor-screen-only\">\n\t\t\t\t\t\t\t\tGiro empresarial\t\t\t\t\t\t\t<\/label>\n\t\t\t\t\t\t\t\t\t\t\t\t\t\t<input size=\"1\" type=\"text\" name=\"form_fields[field_ec8efa2]\" id=\"form-field-field_ec8efa2\" class=\"elementor-field elementor-size-sm  elementor-field-textual\" placeholder=\"Giro empresarial\">\n\t\t\t\t\t\t\t\t\t\t\t<\/div>\n\t\t\t\t\t\t\t\t<div class=\"elementor-field-type-textarea elementor-field-group elementor-column elementor-field-group-field_46db10c elementor-col-100 elementor-field-required\">\n\t\t\t\t\t\t\t\t\t\t\t\t<label for=\"form-field-field_46db10c\" class=\"elementor-field-label elementor-screen-only\">\n\t\t\t\t\t\t\t\tMensaje\t\t\t\t\t\t\t<\/label>\n\t\t\t\t\t\t<textarea class=\"elementor-field-textual elementor-field  elementor-size-sm\" name=\"form_fields[field_46db10c]\" id=\"form-field-field_46db10c\" rows=\"4\" placeholder=\"Describe brevemente tus necesidades\" required=\"required\" aria-required=\"true\"><\/textarea>\t\t\t\t<\/div>\n\t\t\t\t\t\t\t\t<div class=\"elementor-field-type-recaptcha elementor-field-group elementor-column elementor-field-group-field_41bea0c elementor-col-100\">\n\t\t\t\t\t<div class=\"elementor-field\" id=\"form-field-field_41bea0c\"><div class=\"elementor-g-recaptcha\" data-sitekey=\"6LcxHoAbAAAAAGjflZfCyfLEGwRCKd9BwLNBZmHC\" data-type=\"v2_checkbox\" data-theme=\"light\" data-size=\"normal\"><\/div><\/div>\t\t\t\t<\/div>\n\t\t\t\t\t\t\t\t<div class=\"elementor-field-group elementor-column elementor-field-type-submit elementor-col-100 e-form__buttons\">\n\t\t\t\t\t<button class=\"elementor-button elementor-size-sm\" type=\"submit\">\n\t\t\t\t\t\t<span class=\"elementor-button-content-wrapper\">\n\t\t\t\t\t\t\t\t\t\t\t\t\t\t\t\t\t\t\t\t\t\t<span class=\"elementor-button-text\">SOLICITAR DEMO GRATIS<\/span>\n\t\t\t\t\t\t\t\t\t\t\t\t\t<\/span>\n\t\t\t\t\t<\/button>\n\t\t\t\t<\/div>\n\t\t\t<\/div>\n\t\t<\/form>\n\t\t\t\t\t\t<\/div>\n\t\t\t\t<\/div>\n\t\t\t\t\t<\/div>\n\t\t<\/div>\n\t\t\t\t\t<\/div>\n\t\t<\/section>\n\t\t\t\t\t<\/div>\n\t\t<\/div>\n\t\t\t\t\t<\/div>\n\t\t<\/section>\n\t\t\t\t<section class=\"elementor-section elementor-top-section elementor-element elementor-element-eb2a042 elementor-section-boxed elementor-section-height-default elementor-section-height-default\" data-id=\"eb2a042\" data-element_type=\"section\" data-settings=\"{&quot;background_background&quot;:&quot;classic&quot;}\">\n\t\t\t\t\t\t<div class=\"elementor-container elementor-column-gap-default\">\n\t\t\t\t\t<div class=\"elementor-column elementor-col-100 elementor-top-column elementor-element elementor-element-9e78c6a\" data-id=\"9e78c6a\" data-element_type=\"column\">\n\t\t\t<div class=\"elementor-widget-wrap elementor-element-populated\">\n\t\t\t\t\t\t<div class=\"elementor-element elementor-element-928711c elementor-widget elementor-widget-spacer\" data-id=\"928711c\" data-element_type=\"widget\" data-widget_type=\"spacer.default\">\n\t\t\t\t<div class=\"elementor-widget-container\">\n\t\t\t\t\t\t\t<div class=\"elementor-spacer\">\n\t\t\t<div class=\"elementor-spacer-inner\"><\/div>\n\t\t<\/div>\n\t\t\t\t\t\t<\/div>\n\t\t\t\t<\/div>\n\t\t\t\t<div class=\"elementor-element elementor-element-a81b034 elementor-widget elementor-widget-heading\" data-id=\"a81b034\" data-element_type=\"widget\" data-widget_type=\"heading.default\">\n\t\t\t\t<div class=\"elementor-widget-container\">\n\t\t\t\t\t<h2 class=\"elementor-heading-title elementor-size-default\">\u00bfPOR QU\u00c9 TRABAJAR TUS PROCESOS CON CONTPAQi\u00ae RESPALDOS?<\/h2>\t\t\t\t<\/div>\n\t\t\t\t<\/div>\n\t\t\t\t<div class=\"elementor-element elementor-element-69ed6ca elementor-widget elementor-widget-spacer\" data-id=\"69ed6ca\" data-element_type=\"widget\" data-widget_type=\"spacer.default\">\n\t\t\t\t<div class=\"elementor-widget-container\">\n\t\t\t\t\t\t\t<div class=\"elementor-spacer\">\n\t\t\t<div class=\"elementor-spacer-inner\"><\/div>\n\t\t<\/div>\n\t\t\t\t\t\t<\/div>\n\t\t\t\t<\/div>\n\t\t\t\t\t<\/div>\n\t\t<\/div>\n\t\t\t\t\t<\/div>\n\t\t<\/section>\n\t\t\t\t<section class=\"elementor-section elementor-top-section elementor-element elementor-element-f8a5523 elementor-section-boxed elementor-section-height-default elementor-section-height-default\" data-id=\"f8a5523\" data-element_type=\"section\" data-settings=\"{&quot;background_background&quot;:&quot;classic&quot;}\">\n\t\t\t\t\t\t<div class=\"elementor-container elementor-column-gap-wider\">\n\t\t\t\t\t<div class=\"elementor-column elementor-col-16 elementor-top-column elementor-element elementor-element-dc9c4ae\" data-id=\"dc9c4ae\" data-element_type=\"column\">\n\t\t\t<div class=\"elementor-widget-wrap\">\n\t\t\t\t\t\t\t<\/div>\n\t\t<\/div>\n\t\t\t\t<div class=\"elementor-column elementor-col-66 elementor-top-column elementor-element elementor-element-2b81ef3\" data-id=\"2b81ef3\" data-element_type=\"column\">\n\t\t\t<div class=\"elementor-widget-wrap elementor-element-populated\">\n\t\t\t\t\t\t<div class=\"elementor-element elementor-element-d8efee9 elementor-widget elementor-widget-video\" data-id=\"d8efee9\" data-element_type=\"widget\" data-settings=\"{&quot;youtube_url&quot;:&quot;https:\\\/\\\/www.youtube.com\\\/watch?v=3hDMURG6Qm4&quot;,&quot;video_type&quot;:&quot;youtube&quot;,&quot;controls&quot;:&quot;yes&quot;}\" data-widget_type=\"video.default\">\n\t\t\t\t<div class=\"elementor-widget-container\">\n\t\t\t\t\t\t\t<div class=\"elementor-wrapper elementor-open-inline\">\n\t\t\t<div class=\"elementor-video\"><\/div>\t\t<\/div>\n\t\t\t\t\t\t<\/div>\n\t\t\t\t<\/div>\n\t\t\t\t\t<\/div>\n\t\t<\/div>\n\t\t\t\t<div class=\"elementor-column elementor-col-16 elementor-top-column elementor-element elementor-element-15f8622\" data-id=\"15f8622\" data-element_type=\"column\">\n\t\t\t<div class=\"elementor-widget-wrap\">\n\t\t\t\t\t\t\t<\/div>\n\t\t<\/div>\n\t\t\t\t\t<\/div>\n\t\t<\/section>\n\t\t\t\t<section class=\"elementor-section elementor-top-section elementor-element elementor-element-8fa6d1e elementor-section-boxed elementor-section-height-default elementor-section-height-default\" data-id=\"8fa6d1e\" data-element_type=\"section\">\n\t\t\t\t\t\t<div class=\"elementor-container elementor-column-gap-default\">\n\t\t\t\t\t<div class=\"elementor-column elementor-col-50 elementor-top-column elementor-element elementor-element-25b82eb\" data-id=\"25b82eb\" data-element_type=\"column\">\n\t\t\t<div class=\"elementor-widget-wrap elementor-element-populated\">\n\t\t\t\t\t\t<div class=\"elementor-element elementor-element-279be43 elementor-widget elementor-widget-heading\" data-id=\"279be43\" data-element_type=\"widget\" data-widget_type=\"heading.default\">\n\t\t\t\t<div class=\"elementor-widget-container\">\n\t\t\t\t\t<h2 class=\"elementor-heading-title elementor-size-default\">Sube, administra y resguarda en la nube la\ninformaci\u00f3n m\u00e1s importante de tus sistemas\nCONTPAQi\u00ae.<\/h2>\t\t\t\t<\/div>\n\t\t\t\t<\/div>\n\t\t\t\t<div class=\"elementor-element elementor-element-56e618c elementor-widget elementor-widget-spacer\" data-id=\"56e618c\" data-element_type=\"widget\" data-widget_type=\"spacer.default\">\n\t\t\t\t<div class=\"elementor-widget-container\">\n\t\t\t\t\t\t\t<div class=\"elementor-spacer\">\n\t\t\t<div class=\"elementor-spacer-inner\"><\/div>\n\t\t<\/div>\n\t\t\t\t\t\t<\/div>\n\t\t\t\t<\/div>\n\t\t\t\t<div class=\"elementor-element elementor-element-a6fdbee elementor-widget elementor-widget-heading\" data-id=\"a6fdbee\" data-element_type=\"widget\" data-widget_type=\"heading.default\">\n\t\t\t\t<div class=\"elementor-widget-container\">\n\t\t\t\t\t<h2 class=\"elementor-heading-title elementor-size-default\">Informaci\u00f3n disponible y segura en la nube.<\/h2>\t\t\t\t<\/div>\n\t\t\t\t<\/div>\n\t\t\t\t<div class=\"elementor-element elementor-element-07d7d8a elementor-widget elementor-widget-text-editor\" data-id=\"07d7d8a\" data-element_type=\"widget\" data-widget_type=\"text-editor.default\">\n\t\t\t\t<div class=\"elementor-widget-container\">\n\t\t\t\t\t\t\t\t\t<ul><li>Administra tu espacio nube f\u00e1cilmente, ya que podr\u00e1s<br \/>contratar el almacenamiento que requieras para tu<br \/>informaci\u00f3n en bloques de Gigabytes.<\/li><li>Comparte tu cuenta y espacio nube con los equipos<br \/>que necesites, solo instala la aplicaci\u00f3n de escritorio y<br \/>vincula tu cuenta CONTPAQi\u00ae a ellos.<\/li><\/ul>\t\t\t\t\t\t\t\t<\/div>\n\t\t\t\t<\/div>\n\t\t\t\t<div class=\"elementor-element elementor-element-b7d6102 elementor-widget elementor-widget-heading\" data-id=\"b7d6102\" data-element_type=\"widget\" data-widget_type=\"heading.default\">\n\t\t\t\t<div class=\"elementor-widget-container\">\n\t\t\t\t\t<h2 class=\"elementor-heading-title elementor-size-default\">Flexibilidad y agilidad para respaldar tu informaci\u00f3n<\/h2>\t\t\t\t<\/div>\n\t\t\t\t<\/div>\n\t\t\t\t<div class=\"elementor-element elementor-element-dd61174 elementor-widget elementor-widget-text-editor\" data-id=\"dd61174\" data-element_type=\"widget\" data-widget_type=\"text-editor.default\">\n\t\t\t\t<div class=\"elementor-widget-container\">\n\t\t\t\t\t\t\t\t\t<ul><li>Respalda f\u00e1cilmente y en la nube, las empresas de los<br \/>sistemas de CONTPAQi\u00ae.<\/li><li>Cuentas con una aplicaci\u00f3n local y un espacio virtual<br \/>que utilizar\u00e1s al respaldar tu informaci\u00f3n en la nube.<\/li><li>F\u00e1cil configuraci\u00f3n e implementaci\u00f3n, ya que<br \/>CONTPAQi\u00ae Respaldos detecta en autom\u00e1tico los<br \/>sistemas CONTPAQi\u00ae instalados en tu equipo .<\/li><li>Puedes seleccionar f\u00e1cilmente las empresas a respaldar por<br \/>cada uno de los sistema que tengas instalados en tu equipo.<\/li><\/ul>\t\t\t\t\t\t\t\t<\/div>\n\t\t\t\t<\/div>\n\t\t\t\t\t<\/div>\n\t\t<\/div>\n\t\t\t\t<div class=\"elementor-column elementor-col-50 elementor-top-column elementor-element elementor-element-330cb93\" data-id=\"330cb93\" data-element_type=\"column\">\n\t\t\t<div class=\"elementor-widget-wrap elementor-element-populated\">\n\t\t\t\t\t\t<div class=\"elementor-element elementor-element-a1f59cd elementor-widget elementor-widget-text-editor\" data-id=\"a1f59cd\" data-element_type=\"widget\" data-widget_type=\"text-editor.default\">\n\t\t\t\t<div class=\"elementor-widget-container\">\n\t\t\t\t\t\t\t\t\t<ul><li>Garantiza la continuidad de tus respaldos en los<br \/>sistemas de CONTPAQi\u00ae al programarlos en el horario<br \/>m\u00e1s conveniente para tu operaci\u00f3n, t\u00fa eliges la<br \/>frecuencia, el d\u00eda y la hora.<\/li><li>Genera respaldos al momento. Simplemente selecciona<br \/>el sistema, la empresa y s\u00fabelo de inmediato a la<br \/>nube CONTPAQi\u00ae.<\/li><\/ul>\t\t\t\t\t\t\t\t<\/div>\n\t\t\t\t<\/div>\n\t\t\t\t<div class=\"elementor-element elementor-element-ea8c129 elementor-widget elementor-widget-heading\" data-id=\"ea8c129\" data-element_type=\"widget\" data-widget_type=\"heading.default\">\n\t\t\t\t<div class=\"elementor-widget-container\">\n\t\t\t\t\t<h2 class=\"elementor-heading-title elementor-size-default\">Informaci\u00f3n disponible y segura en la nube.<\/h2>\t\t\t\t<\/div>\n\t\t\t\t<\/div>\n\t\t\t\t<div class=\"elementor-element elementor-element-4caf3f6 elementor-widget elementor-widget-text-editor\" data-id=\"4caf3f6\" data-element_type=\"widget\" data-widget_type=\"text-editor.default\">\n\t\t\t\t<div class=\"elementor-widget-container\">\n\t\t\t\t\t\t\t\t\t<ul><li>CONTPAQi\u00ae Respaldos identifica tus sistemas y<br \/>empresas que comparten informaci\u00f3n (integraci\u00f3n<br \/>CONTPAQi\u00ae) y subir\u00e1 a la nube toda la informaci\u00f3n aun<br \/>cuando solo selecciones respaldar un sistema de los dos.<\/li><li>Verifica la informaci\u00f3n de tus respaldos al validarlos en su bit\u00e1cora: estado, fecha, tama\u00f1o y pr\u00f3ximo respaldo.<\/li><li>Lleva tu informaci\u00f3n a lugar seguro, ya que tus<br \/>respaldos suben de forma encriptada a la nube de<br \/>CONTPAQi\u00ae y solo t\u00fa puedes tener acceso a ellos.<\/li><li>Disponibilidad garantizada, ya que puedes descargar tus<br \/>respaldos de la nube en el momento que los necesites.<\/li><li>Genera una cuenta e identidad \u00fanica con las que podr\u00e1s<br \/>ingresar a la aplicaci\u00f3n de forma segura.<\/li><\/ul>\t\t\t\t\t\t\t\t<\/div>\n\t\t\t\t<\/div>\n\t\t\t\t\t<\/div>\n\t\t<\/div>\n\t\t\t\t\t<\/div>\n\t\t<\/section>\n\t\t\t\t<section class=\"elementor-section elementor-top-section elementor-element elementor-element-c876729 elementor-section-boxed elementor-section-height-default elementor-section-height-default\" data-id=\"c876729\" data-element_type=\"section\">\n\t\t\t\t\t\t<div class=\"elementor-container elementor-column-gap-default\">\n\t\t\t\t\t<div class=\"elementor-column elementor-col-100 elementor-top-column elementor-element elementor-element-8b0544f\" data-id=\"8b0544f\" data-element_type=\"column\">\n\t\t\t<div class=\"elementor-widget-wrap elementor-element-populated\">\n\t\t\t\t\t\t<div class=\"elementor-element elementor-element-f92e3b9 elementor-widget elementor-widget-heading\" data-id=\"f92e3b9\" data-element_type=\"widget\" data-widget_type=\"heading.default\">\n\t\t\t\t<div class=\"elementor-widget-container\">\n\t\t\t\t\t<h2 class=\"elementor-heading-title elementor-size-default\">Verifica tu espacio disponible en un tablero de consumo.\nSelecciona el espacio de CONTPAQi\u00ae Respaldos que mejor se adapta a tus necesidades:<\/h2>\t\t\t\t<\/div>\n\t\t\t\t<\/div>\n\t\t\t\t<div class=\"elementor-element elementor-element-d05ef15 elementor-widget elementor-widget-image\" data-id=\"d05ef15\" data-element_type=\"widget\" data-widget_type=\"image.default\">\n\t\t\t\t<div class=\"elementor-widget-container\">\n\t\t\t\t\t\t\t\t\t\t\t\t\t\t\t<img decoding=\"async\" width=\"765\" height=\"325\" src=\"https:\/\/vde-suite.com\/colombia\/wp-content\/uploads\/sites\/4\/2022\/04\/imagen_2022-04-13_103408004.png\" class=\"attachment-large size-large wp-image-5049\" alt=\"\" srcset=\"https:\/\/vde-suite.com\/colombia\/wp-content\/uploads\/sites\/4\/2022\/04\/imagen_2022-04-13_103408004.png 765w, https:\/\/vde-suite.com\/colombia\/wp-content\/uploads\/sites\/4\/2022\/04\/imagen_2022-04-13_103408004-300x127.png 300w\" sizes=\"(max-width: 765px) 100vw, 765px\" \/>\t\t\t\t\t\t\t\t\t\t\t\t\t\t\t<\/div>\n\t\t\t\t<\/div>\n\t\t\t\t\t<\/div>\n\t\t<\/div>\n\t\t\t\t\t<\/div>\n\t\t<\/section>\n\t\t\t\t<\/div>\n\t\t","protected":false},"excerpt":{"rendered":"<p>Desde $1,490.00 Anual CONTPAQi\u00ae RESPALDOS Es una aplicaci\u00f3n con almacenamiento en la nube, que te ayuda a guardar y administrar los respaldos de informaci\u00f3n de tus sistemas CONTPAQi\u00ae, con altos est\u00e1ndares de seguridad, por lo que tienes total certeza de tener a la mano la informaci\u00f3n de tu negocio en cualquier momento. DEMO 100% GRATIS [&hellip;]<\/p>\n","protected":false},"author":1,"featured_media":2367,"parent":2423,"menu_order":0,"comment_status":"closed","ping_status":"closed","template":"elementor_header_footer","meta":{"footnotes":"","_links_to":"","_links_to_target":""},"class_list":["post-5040","page","type-page","status-publish","has-post-thumbnail","hentry"],"_links":{"self":[{"href":"https:\/\/vde-suite.com\/colombia\/wp-json\/wp\/v2\/pages\/5040","targetHints":{"allow":["GET"]}}],"collection":[{"href":"https:\/\/vde-suite.com\/colombia\/wp-json\/wp\/v2\/pages"}],"about":[{"href":"https:\/\/vde-suite.com\/colombia\/wp-json\/wp\/v2\/types\/page"}],"author":[{"embeddable":true,"href":"https:\/\/vde-suite.com\/colombia\/wp-json\/wp\/v2\/users\/1"}],"replies":[{"embeddable":true,"href":"https:\/\/vde-suite.com\/colombia\/wp-json\/wp\/v2\/comments?post=5040"}],"version-history":[{"count":16,"href":"https:\/\/vde-suite.com\/colombia\/wp-json\/wp\/v2\/pages\/5040\/revisions"}],"predecessor-version":[{"id":5287,"href":"https:\/\/vde-suite.com\/colombia\/wp-json\/wp\/v2\/pages\/5040\/revisions\/5287"}],"up":[{"embeddable":true,"href":"https:\/\/vde-suite.com\/colombia\/wp-json\/wp\/v2\/pages\/2423"}],"wp:featuredmedia":[{"embeddable":true,"href":"https:\/\/vde-suite.com\/colombia\/wp-json\/wp\/v2\/media\/2367"}],"wp:attachment":[{"href":"https:\/\/vde-suite.com\/colombia\/wp-json\/wp\/v2\/media?parent=5040"}],"curies":[{"name":"wp","href":"https:\/\/api.w.org\/{rel}","templated":true}]}}